{"id":4616,"date":"2024-08-15T21:44:10","date_gmt":"2024-08-15T21:44:10","guid":{"rendered":"https:\/\/casitadechocolate.ec\/?page_id=4616"},"modified":"2024-08-15T21:53:34","modified_gmt":"2024-08-15T21:53:34","slug":"navidad-y-new-year","status":"publish","type":"page","link":"https:\/\/casitadechocolate.ec\/index.php\/navidad-y-new-year\/","title":{"rendered":"PASTELES NAVIDAD Y NEW YEAR"},"content":{"rendered":"\t\t<div data-elementor-type=\"wp-page\" data-elementor-id=\"4616\" class=\"elementor elementor-4616\" data-elementor-post-type=\"page\">\n\t\t\t\t\t\t<section class=\"elementor-section elementor-top-section elementor-element elementor-element-e493fb9 elementor-section-boxed elementor-section-height-default elementor-section-height-default\" data-id=\"e493fb9\" data-element_type=\"section\" data-e-type=\"section\">\n\t\t\t\t\t\t<div class=\"elementor-container elementor-column-gap-default\">\n\t\t\t\t\t<div class=\"elementor-column elementor-col-100 elementor-top-column elementor-element elementor-element-09e2fa0\" data-id=\"09e2fa0\" data-element_type=\"column\" data-e-type=\"column\">\n\t\t\t<div class=\"elementor-widget-wrap elementor-element-populated\">\n\t\t\t\t\t\t<div class=\"elementor-element elementor-element-3c0ec12 elementor-widget elementor-widget-image\" data-id=\"3c0ec12\" data-element_type=\"widget\" data-e-type=\"widget\" data-widget_type=\"image.default\">\n\t\t\t\t<div class=\"elementor-widget-container\">\n\t\t\t\t\t\t\t\t\t\t\t\t\t\t\t<img fetchpriority=\"high\" decoding=\"async\" width=\"1024\" height=\"1024\" src=\"https:\/\/casitadechocolate.ec\/wp-content\/uploads\/2024\/08\/PORTADAS-CATEGORIAS-PASTELES-8-1024x1024.png\" class=\"attachment-large size-large wp-image-4610\" alt=\"\" srcset=\"https:\/\/casitadechocolate.ec\/wp-content\/uploads\/2024\/08\/PORTADAS-CATEGORIAS-PASTELES-8-1024x1024.png 1024w, https:\/\/casitadechocolate.ec\/wp-content\/uploads\/2024\/08\/PORTADAS-CATEGORIAS-PASTELES-8-300x300.png 300w, https:\/\/casitadechocolate.ec\/wp-content\/uploads\/2024\/08\/PORTADAS-CATEGORIAS-PASTELES-8-150x150.png 150w, https:\/\/casitadechocolate.ec\/wp-content\/uploads\/2024\/08\/PORTADAS-CATEGORIAS-PASTELES-8-768x768.png 768w, https:\/\/casitadechocolate.ec\/wp-content\/uploads\/2024\/08\/PORTADAS-CATEGORIAS-PASTELES-8-600x600.png 600w, https:\/\/casitadechocolate.ec\/wp-content\/uploads\/2024\/08\/PORTADAS-CATEGORIAS-PASTELES-8-100x100.png 100w, https:\/\/casitadechocolate.ec\/wp-content\/uploads\/2024\/08\/PORTADAS-CATEGORIAS-PASTELES-8.png 1080w\" sizes=\"(max-width: 1024px) 100vw, 1024px\" \/>\t\t\t\t\t\t\t\t\t\t\t\t\t\t\t<\/div>\n\t\t\t\t<\/div>\n\t\t\t\t\t<\/div>\n\t\t<\/div>\n\t\t\t\t\t<\/div>\n\t\t<\/section>\n\t\t\t\t<section class=\"elementor-section elementor-top-section elementor-element elementor-element-2ea9ac9 elementor-section-boxed elementor-section-height-default elementor-section-height-default\" data-id=\"2ea9ac9\" data-element_type=\"section\" data-e-type=\"section\">\n\t\t\t\t\t\t<div class=\"elementor-container elementor-column-gap-default\">\n\t\t\t\t\t<div class=\"elementor-column elementor-col-50 elementor-top-column elementor-element elementor-element-8fcc384\" data-id=\"8fcc384\" data-element_type=\"column\" data-e-type=\"column\">\n\t\t\t<div class=\"elementor-widget-wrap elementor-element-populated\">\n\t\t\t\t\t\t<div class=\"elementor-element elementor-element-adcd486 elementor-widget elementor-widget-text-editor\" data-id=\"adcd486\" data-element_type=\"widget\" data-e-type=\"widget\" data-widget_type=\"text-editor.default\">\n\t\t\t\t<div class=\"elementor-widget-container\">\n\t\t\t\t\t\t\t\t\t<h3><em><strong>\u00a1Haz de tus fiestas a\u00fan m\u00e1s dulces!<\/strong> <\/em><\/h3><h4><em>Explora nuestra galer\u00eda y encuentra el pastel perfecto para celebrar la Navidad y el A\u00f1o Nuevo. Desde dise\u00f1os cl\u00e1sicos hasta creaciones modernas, tenemos todo lo que necesitas para sorprender a tus invitados. \u00a1Cont\u00e1ctanos hoy mismo y haz tu pedido.<\/em><\/h4>\t\t\t\t\t\t\t\t<\/div>\n\t\t\t\t<\/div>\n\t\t\t\t\t<\/div>\n\t\t<\/div>\n\t\t\t\t<div class=\"elementor-column elementor-col-50 elementor-top-column elementor-element elementor-element-43c2537\" data-id=\"43c2537\" data-element_type=\"column\" data-e-type=\"column\">\n\t\t\t<div class=\"elementor-widget-wrap elementor-element-populated\">\n\t\t\t\t\t\t<div class=\"elementor-element elementor-element-f053969 elementor-widget elementor-widget-gallery\" data-id=\"f053969\" data-element_type=\"widget\" data-e-type=\"widget\" data-settings=\"{&quot;columns&quot;:3,&quot;gap&quot;:{&quot;unit&quot;:&quot;px&quot;,&quot;size&quot;:5,&quot;sizes&quot;:[]},&quot;aspect_ratio&quot;:&quot;1:1&quot;,&quot;image_hover_animation&quot;:&quot;grow&quot;,&quot;lazyload&quot;:&quot;yes&quot;,&quot;gallery_layout&quot;:&quot;grid&quot;,&quot;columns_tablet&quot;:2,&quot;columns_mobile&quot;:1,&quot;gap_tablet&quot;:{&quot;unit&quot;:&quot;px&quot;,&quot;size&quot;:10,&quot;sizes&quot;:[]},&quot;gap_mobile&quot;:{&quot;unit&quot;:&quot;px&quot;,&quot;size&quot;:10,&quot;sizes&quot;:[]},&quot;link_to&quot;:&quot;file&quot;,&quot;overlay_background&quot;:&quot;yes&quot;,&quot;content_hover_animation&quot;:&quot;fade-in&quot;}\" data-widget_type=\"gallery.default\">\n\t\t\t\t<div class=\"elementor-widget-container\">\n\t\t\t\t\t\t\t<div class=\"elementor-gallery__container\">\n\t\t\t\t\t\t\t<a class=\"e-gallery-item elementor-gallery-item elementor-animated-content\" href=\"https:\/\/casitadechocolate.ec\/wp-content\/uploads\/2023\/11\/osos-x2.jpg\" data-elementor-open-lightbox=\"yes\" data-elementor-lightbox-slideshow=\"f053969\" data-elementor-lightbox-title=\"osos x2\" data-e-action-hash=\"#elementor-action%3Aaction%3Dlightbox%26settings%3DeyJpZCI6NDEzNywidXJsIjoiaHR0cHM6XC9cL2Nhc2l0YWRlY2hvY29sYXRlLmVjXC93cC1jb250ZW50XC91cGxvYWRzXC8yMDIzXC8xMVwvb3Nvcy14Mi5qcGciLCJzbGlkZXNob3ciOiJmMDUzOTY5In0%3D\">\n\t\t\t\t\t<div class=\"e-gallery-image elementor-gallery-item__image\" data-thumbnail=\"https:\/\/casitadechocolate.ec\/wp-content\/uploads\/2023\/11\/osos-x2.jpg\" data-width=\"987\" data-height=\"1022\" aria-label=\"\" role=\"img\" ><\/div>\n\t\t\t\t\t\t\t\t\t\t\t<div class=\"elementor-gallery-item__overlay\"><\/div>\n\t\t\t\t\t\t\t\t\t\t\t\t\t\t<\/a>\n\t\t\t\t\t\t\t<a class=\"e-gallery-item elementor-gallery-item elementor-animated-content\" href=\"https:\/\/casitadechocolate.ec\/wp-content\/uploads\/2023\/11\/reno-regalo.jpg\" data-elementor-open-lightbox=\"yes\" data-elementor-lightbox-slideshow=\"f053969\" data-elementor-lightbox-title=\"reno regalo\" data-e-action-hash=\"#elementor-action%3Aaction%3Dlightbox%26settings%3DeyJpZCI6NDEzOCwidXJsIjoiaHR0cHM6XC9cL2Nhc2l0YWRlY2hvY29sYXRlLmVjXC93cC1jb250ZW50XC91cGxvYWRzXC8yMDIzXC8xMVwvcmVuby1yZWdhbG8uanBnIiwic2xpZGVzaG93IjoiZjA1Mzk2OSJ9\">\n\t\t\t\t\t<div class=\"e-gallery-image elementor-gallery-item__image\" data-thumbnail=\"https:\/\/casitadechocolate.ec\/wp-content\/uploads\/2023\/11\/reno-regalo.jpg\" data-width=\"987\" data-height=\"1022\" aria-label=\"\" role=\"img\" ><\/div>\n\t\t\t\t\t\t\t\t\t\t\t<div class=\"elementor-gallery-item__overlay\"><\/div>\n\t\t\t\t\t\t\t\t\t\t\t\t\t\t<\/a>\n\t\t\t\t\t\t\t<a class=\"e-gallery-item elementor-gallery-item elementor-animated-content\" href=\"https:\/\/casitadechocolate.ec\/wp-content\/uploads\/2023\/11\/dos-renos.jpg\" data-elementor-open-lightbox=\"yes\" data-elementor-lightbox-slideshow=\"f053969\" data-elementor-lightbox-title=\"dos renos\" data-e-action-hash=\"#elementor-action%3Aaction%3Dlightbox%26settings%3DeyJpZCI6NDEzOSwidXJsIjoiaHR0cHM6XC9cL2Nhc2l0YWRlY2hvY29sYXRlLmVjXC93cC1jb250ZW50XC91cGxvYWRzXC8yMDIzXC8xMVwvZG9zLXJlbm9zLmpwZyIsInNsaWRlc2hvdyI6ImYwNTM5NjkifQ%3D%3D\">\n\t\t\t\t\t<div class=\"e-gallery-image elementor-gallery-item__image\" data-thumbnail=\"https:\/\/casitadechocolate.ec\/wp-content\/uploads\/2023\/11\/dos-renos.jpg\" data-width=\"987\" data-height=\"1022\" aria-label=\"\" role=\"img\" ><\/div>\n\t\t\t\t\t\t\t\t\t\t\t<div class=\"elementor-gallery-item__overlay\"><\/div>\n\t\t\t\t\t\t\t\t\t\t\t\t\t\t<\/a>\n\t\t\t\t\t\t\t<a class=\"e-gallery-item elementor-gallery-item elementor-animated-content\" href=\"https:\/\/casitadechocolate.ec\/wp-content\/uploads\/2023\/11\/arbol-3D.jpg\" data-elementor-open-lightbox=\"yes\" data-elementor-lightbox-slideshow=\"f053969\" data-elementor-lightbox-title=\"arbol 3D\" data-e-action-hash=\"#elementor-action%3Aaction%3Dlightbox%26settings%3DeyJpZCI6NDE0MCwidXJsIjoiaHR0cHM6XC9cL2Nhc2l0YWRlY2hvY29sYXRlLmVjXC93cC1jb250ZW50XC91cGxvYWRzXC8yMDIzXC8xMVwvYXJib2wtM0QuanBnIiwic2xpZGVzaG93IjoiZjA1Mzk2OSJ9\">\n\t\t\t\t\t<div class=\"e-gallery-image elementor-gallery-item__image\" data-thumbnail=\"https:\/\/casitadechocolate.ec\/wp-content\/uploads\/2023\/11\/arbol-3D.jpg\" data-width=\"987\" data-height=\"1022\" aria-label=\"\" role=\"img\" ><\/div>\n\t\t\t\t\t\t\t\t\t\t\t<div class=\"elementor-gallery-item__overlay\"><\/div>\n\t\t\t\t\t\t\t\t\t\t\t\t\t\t<\/a>\n\t\t\t\t\t\t\t<a class=\"e-gallery-item elementor-gallery-item elementor-animated-content\" href=\"https:\/\/casitadechocolate.ec\/wp-content\/uploads\/2023\/12\/Minitorta-Duende.jpg\" data-elementor-open-lightbox=\"yes\" data-elementor-lightbox-slideshow=\"f053969\" data-elementor-lightbox-title=\"Minitorta Duende\" data-e-action-hash=\"#elementor-action%3Aaction%3Dlightbox%26settings%3DeyJpZCI6NDE1MSwidXJsIjoiaHR0cHM6XC9cL2Nhc2l0YWRlY2hvY29sYXRlLmVjXC93cC1jb250ZW50XC91cGxvYWRzXC8yMDIzXC8xMlwvTWluaXRvcnRhLUR1ZW5kZS5qcGciLCJzbGlkZXNob3ciOiJmMDUzOTY5In0%3D\">\n\t\t\t\t\t<div class=\"e-gallery-image elementor-gallery-item__image\" data-thumbnail=\"https:\/\/casitadechocolate.ec\/wp-content\/uploads\/2023\/12\/Minitorta-Duende.jpg\" data-width=\"987\" data-height=\"1022\" aria-label=\"\" role=\"img\" ><\/div>\n\t\t\t\t\t\t\t\t\t\t\t<div class=\"elementor-gallery-item__overlay\"><\/div>\n\t\t\t\t\t\t\t\t\t\t\t\t\t\t<\/a>\n\t\t\t\t\t\t\t<a class=\"e-gallery-item elementor-gallery-item elementor-animated-content\" href=\"https:\/\/casitadechocolate.ec\/wp-content\/uploads\/2023\/11\/Trineo.jpg\" data-elementor-open-lightbox=\"yes\" data-elementor-lightbox-slideshow=\"f053969\" data-elementor-lightbox-title=\"Trineo\" data-e-action-hash=\"#elementor-action%3Aaction%3Dlightbox%26settings%3DeyJpZCI6NDE0NywidXJsIjoiaHR0cHM6XC9cL2Nhc2l0YWRlY2hvY29sYXRlLmVjXC93cC1jb250ZW50XC91cGxvYWRzXC8yMDIzXC8xMVwvVHJpbmVvLmpwZyIsInNsaWRlc2hvdyI6ImYwNTM5NjkifQ%3D%3D\">\n\t\t\t\t\t<div class=\"e-gallery-image elementor-gallery-item__image\" data-thumbnail=\"https:\/\/casitadechocolate.ec\/wp-content\/uploads\/2023\/11\/Trineo.jpg\" data-width=\"987\" data-height=\"1022\" aria-label=\"\" role=\"img\" ><\/div>\n\t\t\t\t\t\t\t\t\t\t\t<div class=\"elementor-gallery-item__overlay\"><\/div>\n\t\t\t\t\t\t\t\t\t\t\t\t\t\t<\/a>\n\t\t\t\t\t\t\t<a class=\"e-gallery-item elementor-gallery-item elementor-animated-content\" href=\"https:\/\/casitadechocolate.ec\/wp-content\/uploads\/2023\/11\/muneco-de-nieve.jpg\" data-elementor-open-lightbox=\"yes\" data-elementor-lightbox-slideshow=\"f053969\" data-elementor-lightbox-title=\"mu\u00f1eco de nieve\" data-e-action-hash=\"#elementor-action%3Aaction%3Dlightbox%26settings%3DeyJpZCI6NDE0NiwidXJsIjoiaHR0cHM6XC9cL2Nhc2l0YWRlY2hvY29sYXRlLmVjXC93cC1jb250ZW50XC91cGxvYWRzXC8yMDIzXC8xMVwvbXVuZWNvLWRlLW5pZXZlLmpwZyIsInNsaWRlc2hvdyI6ImYwNTM5NjkifQ%3D%3D\">\n\t\t\t\t\t<div class=\"e-gallery-image elementor-gallery-item__image\" data-thumbnail=\"https:\/\/casitadechocolate.ec\/wp-content\/uploads\/2023\/11\/muneco-de-nieve.jpg\" data-width=\"987\" data-height=\"1022\" aria-label=\"\" role=\"img\" ><\/div>\n\t\t\t\t\t\t\t\t\t\t\t<div class=\"elementor-gallery-item__overlay\"><\/div>\n\t\t\t\t\t\t\t\t\t\t\t\t\t\t<\/a>\n\t\t\t\t\t\t\t<a class=\"e-gallery-item elementor-gallery-item elementor-animated-content\" href=\"https:\/\/casitadechocolate.ec\/wp-content\/uploads\/2023\/11\/Arbol-figura.jpg\" data-elementor-open-lightbox=\"yes\" data-elementor-lightbox-slideshow=\"f053969\" data-elementor-lightbox-title=\"Arbol figura\" data-e-action-hash=\"#elementor-action%3Aaction%3Dlightbox%26settings%3DeyJpZCI6NDE0NSwidXJsIjoiaHR0cHM6XC9cL2Nhc2l0YWRlY2hvY29sYXRlLmVjXC93cC1jb250ZW50XC91cGxvYWRzXC8yMDIzXC8xMVwvQXJib2wtZmlndXJhLmpwZyIsInNsaWRlc2hvdyI6ImYwNTM5NjkifQ%3D%3D\">\n\t\t\t\t\t<div class=\"e-gallery-image elementor-gallery-item__image\" data-thumbnail=\"https:\/\/casitadechocolate.ec\/wp-content\/uploads\/2023\/11\/Arbol-figura.jpg\" data-width=\"987\" data-height=\"1022\" aria-label=\"\" role=\"img\" ><\/div>\n\t\t\t\t\t\t\t\t\t\t\t<div class=\"elementor-gallery-item__overlay\"><\/div>\n\t\t\t\t\t\t\t\t\t\t\t\t\t\t<\/a>\n\t\t\t\t\t\t\t<a class=\"e-gallery-item elementor-gallery-item elementor-animated-content\" href=\"https:\/\/casitadechocolate.ec\/wp-content\/uploads\/2023\/11\/hombre-de-nieve.jpg\" data-elementor-open-lightbox=\"yes\" data-elementor-lightbox-slideshow=\"f053969\" data-elementor-lightbox-title=\"hombre de nieve\" data-e-action-hash=\"#elementor-action%3Aaction%3Dlightbox%26settings%3DeyJpZCI6NDE0MSwidXJsIjoiaHR0cHM6XC9cL2Nhc2l0YWRlY2hvY29sYXRlLmVjXC93cC1jb250ZW50XC91cGxvYWRzXC8yMDIzXC8xMVwvaG9tYnJlLWRlLW5pZXZlLmpwZyIsInNsaWRlc2hvdyI6ImYwNTM5NjkifQ%3D%3D\">\n\t\t\t\t\t<div class=\"e-gallery-image elementor-gallery-item__image\" data-thumbnail=\"https:\/\/casitadechocolate.ec\/wp-content\/uploads\/2023\/11\/hombre-de-nieve.jpg\" data-width=\"987\" data-height=\"1022\" aria-label=\"\" role=\"img\" ><\/div>\n\t\t\t\t\t\t\t\t\t\t\t<div class=\"elementor-gallery-item__overlay\"><\/div>\n\t\t\t\t\t\t\t\t\t\t\t\t\t\t<\/a>\n\t\t\t\t\t\t\t<a class=\"e-gallery-item elementor-gallery-item elementor-animated-content\" href=\"https:\/\/casitadechocolate.ec\/wp-content\/uploads\/2023\/12\/Mini-casitas-3D.jpg\" data-elementor-open-lightbox=\"yes\" data-elementor-lightbox-slideshow=\"f053969\" data-elementor-lightbox-title=\"Mini casitas 3D\" data-e-action-hash=\"#elementor-action%3Aaction%3Dlightbox%26settings%3DeyJpZCI6NDE1MiwidXJsIjoiaHR0cHM6XC9cL2Nhc2l0YWRlY2hvY29sYXRlLmVjXC93cC1jb250ZW50XC91cGxvYWRzXC8yMDIzXC8xMlwvTWluaS1jYXNpdGFzLTNELmpwZyIsInNsaWRlc2hvdyI6ImYwNTM5NjkifQ%3D%3D\">\n\t\t\t\t\t<div class=\"e-gallery-image elementor-gallery-item__image\" data-thumbnail=\"https:\/\/casitadechocolate.ec\/wp-content\/uploads\/2023\/12\/Mini-casitas-3D.jpg\" data-width=\"987\" data-height=\"1022\" aria-label=\"\" role=\"img\" ><\/div>\n\t\t\t\t\t\t\t\t\t\t\t<div class=\"elementor-gallery-item__overlay\"><\/div>\n\t\t\t\t\t\t\t\t\t\t\t\t\t\t<\/a>\n\t\t\t\t\t\t\t<a class=\"e-gallery-item elementor-gallery-item elementor-animated-content\" href=\"https:\/\/casitadechocolate.ec\/wp-content\/uploads\/2023\/12\/cupcakes-x6.jpg\" data-elementor-open-lightbox=\"yes\" data-elementor-lightbox-slideshow=\"f053969\" data-elementor-lightbox-title=\"cupcakes x6\" data-e-action-hash=\"#elementor-action%3Aaction%3Dlightbox%26settings%3DeyJpZCI6NDE1NCwidXJsIjoiaHR0cHM6XC9cL2Nhc2l0YWRlY2hvY29sYXRlLmVjXC93cC1jb250ZW50XC91cGxvYWRzXC8yMDIzXC8xMlwvY3VwY2FrZXMteDYuanBnIiwic2xpZGVzaG93IjoiZjA1Mzk2OSJ9\">\n\t\t\t\t\t<div class=\"e-gallery-image elementor-gallery-item__image\" data-thumbnail=\"https:\/\/casitadechocolate.ec\/wp-content\/uploads\/2023\/12\/cupcakes-x6.jpg\" data-width=\"987\" data-height=\"1022\" aria-label=\"\" role=\"img\" ><\/div>\n\t\t\t\t\t\t\t\t\t\t\t<div class=\"elementor-gallery-item__overlay\"><\/div>\n\t\t\t\t\t\t\t\t\t\t\t\t\t\t<\/a>\n\t\t\t\t\t\t\t<a class=\"e-gallery-item elementor-gallery-item elementor-animated-content\" href=\"https:\/\/casitadechocolate.ec\/wp-content\/uploads\/2023\/12\/paletas-magnum.jpg\" data-elementor-open-lightbox=\"yes\" data-elementor-lightbox-slideshow=\"f053969\" data-elementor-lightbox-title=\"paletas magnum\" data-e-action-hash=\"#elementor-action%3Aaction%3Dlightbox%26settings%3DeyJpZCI6NDE1MywidXJsIjoiaHR0cHM6XC9cL2Nhc2l0YWRlY2hvY29sYXRlLmVjXC93cC1jb250ZW50XC91cGxvYWRzXC8yMDIzXC8xMlwvcGFsZXRhcy1tYWdudW0uanBnIiwic2xpZGVzaG93IjoiZjA1Mzk2OSJ9\">\n\t\t\t\t\t<div class=\"e-gallery-image elementor-gallery-item__image\" data-thumbnail=\"https:\/\/casitadechocolate.ec\/wp-content\/uploads\/2023\/12\/paletas-magnum.jpg\" data-width=\"987\" data-height=\"1022\" aria-label=\"\" role=\"img\" ><\/div>\n\t\t\t\t\t\t\t\t\t\t\t<div class=\"elementor-gallery-item__overlay\"><\/div>\n\t\t\t\t\t\t\t\t\t\t\t\t\t\t<\/a>\n\t\t\t\t\t\t\t<a class=\"e-gallery-item elementor-gallery-item elementor-animated-content\" href=\"https:\/\/casitadechocolate.ec\/wp-content\/uploads\/2023\/12\/minitorta-Hombre-de-nieve-1.jpg\" data-elementor-open-lightbox=\"yes\" data-elementor-lightbox-slideshow=\"f053969\" data-elementor-lightbox-title=\"minitorta Hombre de nieve\" data-e-action-hash=\"#elementor-action%3Aaction%3Dlightbox%26settings%3DeyJpZCI6NDE2MiwidXJsIjoiaHR0cHM6XC9cL2Nhc2l0YWRlY2hvY29sYXRlLmVjXC93cC1jb250ZW50XC91cGxvYWRzXC8yMDIzXC8xMlwvbWluaXRvcnRhLUhvbWJyZS1kZS1uaWV2ZS0xLmpwZyIsInNsaWRlc2hvdyI6ImYwNTM5NjkifQ%3D%3D\">\n\t\t\t\t\t<div class=\"e-gallery-image elementor-gallery-item__image\" data-thumbnail=\"https:\/\/casitadechocolate.ec\/wp-content\/uploads\/2023\/12\/minitorta-Hombre-de-nieve-1.jpg\" data-width=\"987\" data-height=\"1022\" aria-label=\"\" role=\"img\" ><\/div>\n\t\t\t\t\t\t\t\t\t\t\t<div class=\"elementor-gallery-item__overlay\"><\/div>\n\t\t\t\t\t\t\t\t\t\t\t\t\t\t<\/a>\n\t\t\t\t\t<\/div>\n\t\t\t\t\t<\/div>\n\t\t\t\t<\/div>\n\t\t\t\t\t<\/div>\n\t\t<\/div>\n\t\t\t\t\t<\/div>\n\t\t<\/section>\n\t\t\t\t<\/div>\n\t\t","protected":false},"excerpt":{"rendered":"<p>\u00a1Haz de tus fiestas a\u00fan m\u00e1s dulces! Explora nuestra galer\u00eda y encuentra el pastel perfecto para celebrar la Navidad y el A\u00f1o Nuevo. Desde dise\u00f1os cl\u00e1sicos hasta creaciones modernas, tenemos todo lo que necesitas para sorprender a tus invitados. \u00a1Cont\u00e1ctanos hoy mismo y haz tu pedido.<\/p>\n","protected":false},"author":8,"featured_media":0,"parent":0,"menu_order":0,"comment_status":"closed","ping_status":"closed","template":"","meta":{"site-sidebar-layout":"no-sidebar","site-content-layout":"page-builder","ast-site-content-layout":"full-width-container","site-content-style":"unboxed","site-sidebar-style":"unboxed","ast-global-header-display":"","ast-banner-title-visibility":"","ast-main-header-display":"","ast-hfb-above-header-display":"","ast-hfb-below-header-display":"","ast-hfb-mobile-header-display":"","site-post-title":"disabled","ast-breadcrumbs-content":"","ast-featured-img":"disabled","footer-sml-layout":"","theme-transparent-header-meta":"default","adv-header-id-meta":"","stick-header-meta":"default","header-above-stick-meta":"","header-main-stick-meta":"","header-below-stick-meta":"","astra-migrate-meta-layouts":"set","ast-page-background-enabled":"default","ast-page-background-meta":{"desktop":{"background-color":"var(--ast-global-color-4)","background-image":"","background-repeat":"repeat","background-position":"center center","background-size":"auto","background-attachment":"scroll","background-type":"","background-media":"","overlay-type":"","overlay-color":"","overlay-opacity":"","overlay-gradient":""},"tablet":{"background-color":"","background-image":"","background-repeat":"repeat","background-position":"center center","background-size":"auto","background-attachment":"scroll","background-type":"","background-media":"","overlay-type":"","overlay-color":"","overlay-opacity":"","overlay-gradient":""},"mobile":{"background-color":"","background-image":"","background-repeat":"repeat","background-position":"center center","background-size":"auto","background-attachment":"scroll","background-type":"","background-media":"","overlay-type":"","overlay-color":"","overlay-opacity":"","overlay-gradient":""}},"ast-content-background-meta":{"desktop":{"background-color":"var(--ast-global-color-5)","background-image":"","background-repeat":"repeat","background-position":"center center","background-size":"auto","background-attachment":"scroll","background-type":"","background-media":"","overlay-type":"","overlay-color":"","overlay-opacity":"","overlay-gradient":""},"tablet":{"background-color":"var(--ast-global-color-5)","background-image":"","background-repeat":"repeat","background-position":"center center","background-size":"auto","background-attachment":"scroll","background-type":"","background-media":"","overlay-type":"","overlay-color":"","overlay-opacity":"","overlay-gradient":""},"mobile":{"background-color":"var(--ast-global-color-5)","background-image":"","background-repeat":"repeat","background-position":"center center","background-size":"auto","background-attachment":"scroll","background-type":"","background-media":"","overlay-type":"","overlay-color":"","overlay-opacity":"","overlay-gradient":""}},"_joinchat":[],"footnotes":""},"class_list":["post-4616","page","type-page","status-publish","hentry"],"_links":{"self":[{"href":"https:\/\/casitadechocolate.ec\/index.php\/wp-json\/wp\/v2\/pages\/4616","targetHints":{"allow":["GET"]}}],"collection":[{"href":"https:\/\/casitadechocolate.ec\/index.php\/wp-json\/wp\/v2\/pages"}],"about":[{"href":"https:\/\/casitadechocolate.ec\/index.php\/wp-json\/wp\/v2\/types\/page"}],"author":[{"embeddable":true,"href":"https:\/\/casitadechocolate.ec\/index.php\/wp-json\/wp\/v2\/users\/8"}],"replies":[{"embeddable":true,"href":"https:\/\/casitadechocolate.ec\/index.php\/wp-json\/wp\/v2\/comments?post=4616"}],"version-history":[{"count":8,"href":"https:\/\/casitadechocolate.ec\/index.php\/wp-json\/wp\/v2\/pages\/4616\/revisions"}],"predecessor-version":[{"id":4650,"href":"https:\/\/casitadechocolate.ec\/index.php\/wp-json\/wp\/v2\/pages\/4616\/revisions\/4650"}],"wp:attachment":[{"href":"https:\/\/casitadechocolate.ec\/index.php\/wp-json\/wp\/v2\/media?parent=4616"}],"curies":[{"name":"wp","href":"https:\/\/api.w.org\/{rel}","templated":true}]}}