{"id":4615,"date":"2024-08-15T21:35:43","date_gmt":"2024-08-15T21:35:43","guid":{"rendered":"https:\/\/casitadechocolate.ec\/?page_id=4615"},"modified":"2024-08-15T21:39:49","modified_gmt":"2024-08-15T21:39:49","slug":"bautizo-2","status":"publish","type":"page","link":"https:\/\/casitadechocolate.ec\/index.php\/bautizo-2\/","title":{"rendered":"BAUTIZO"},"content":{"rendered":"\t\t<div data-elementor-type=\"wp-page\" data-elementor-id=\"4615\" class=\"elementor elementor-4615\" data-elementor-post-type=\"page\">\n\t\t\t\t\t\t<section class=\"elementor-section elementor-top-section elementor-element elementor-element-a7661ec elementor-section-boxed elementor-section-height-default elementor-section-height-default\" data-id=\"a7661ec\" data-element_type=\"section\" data-e-type=\"section\">\n\t\t\t\t\t\t<div class=\"elementor-container elementor-column-gap-default\">\n\t\t\t\t\t<div class=\"elementor-column elementor-col-100 elementor-top-column elementor-element elementor-element-6cd436d\" data-id=\"6cd436d\" data-element_type=\"column\" data-e-type=\"column\">\n\t\t\t<div class=\"elementor-widget-wrap elementor-element-populated\">\n\t\t\t\t\t\t<div class=\"elementor-element elementor-element-ca3130c elementor-widget elementor-widget-image\" data-id=\"ca3130c\" data-element_type=\"widget\" data-e-type=\"widget\" data-widget_type=\"image.default\">\n\t\t\t\t<div class=\"elementor-widget-container\">\n\t\t\t\t\t\t\t\t\t\t\t\t\t\t\t<img fetchpriority=\"high\" decoding=\"async\" width=\"1024\" height=\"1024\" src=\"https:\/\/casitadechocolate.ec\/wp-content\/uploads\/2024\/08\/PORTADAS-CATEGORIAS-PASTELES-6-1024x1024.png\" class=\"attachment-large size-large wp-image-4608\" alt=\"\" srcset=\"https:\/\/casitadechocolate.ec\/wp-content\/uploads\/2024\/08\/PORTADAS-CATEGORIAS-PASTELES-6-1024x1024.png 1024w, https:\/\/casitadechocolate.ec\/wp-content\/uploads\/2024\/08\/PORTADAS-CATEGORIAS-PASTELES-6-300x300.png 300w, https:\/\/casitadechocolate.ec\/wp-content\/uploads\/2024\/08\/PORTADAS-CATEGORIAS-PASTELES-6-150x150.png 150w, https:\/\/casitadechocolate.ec\/wp-content\/uploads\/2024\/08\/PORTADAS-CATEGORIAS-PASTELES-6-768x768.png 768w, https:\/\/casitadechocolate.ec\/wp-content\/uploads\/2024\/08\/PORTADAS-CATEGORIAS-PASTELES-6-600x600.png 600w, https:\/\/casitadechocolate.ec\/wp-content\/uploads\/2024\/08\/PORTADAS-CATEGORIAS-PASTELES-6-100x100.png 100w, https:\/\/casitadechocolate.ec\/wp-content\/uploads\/2024\/08\/PORTADAS-CATEGORIAS-PASTELES-6.png 1080w\" sizes=\"(max-width: 1024px) 100vw, 1024px\" \/>\t\t\t\t\t\t\t\t\t\t\t\t\t\t\t<\/div>\n\t\t\t\t<\/div>\n\t\t\t\t\t<\/div>\n\t\t<\/div>\n\t\t\t\t\t<\/div>\n\t\t<\/section>\n\t\t\t\t<section class=\"elementor-section elementor-top-section elementor-element elementor-element-b572bed elementor-section-boxed elementor-section-height-default elementor-section-height-default\" data-id=\"b572bed\" data-element_type=\"section\" data-e-type=\"section\">\n\t\t\t\t\t\t<div class=\"elementor-container elementor-column-gap-default\">\n\t\t\t\t\t<div class=\"elementor-column elementor-col-50 elementor-top-column elementor-element elementor-element-08f0c28\" data-id=\"08f0c28\" data-element_type=\"column\" data-e-type=\"column\">\n\t\t\t<div class=\"elementor-widget-wrap elementor-element-populated\">\n\t\t\t\t\t\t<div class=\"elementor-element elementor-element-51aa688 elementor-widget elementor-widget-text-editor\" data-id=\"51aa688\" data-element_type=\"widget\" data-e-type=\"widget\" data-widget_type=\"text-editor.default\">\n\t\t\t\t<div class=\"elementor-widget-container\">\n\t\t\t\t\t\t\t\t\t<h3><em><strong>\u00a1Celebra el bautismo de tu beb\u00e9 con un pastel inolvidable!<\/strong><\/em><\/h3><h4><em>Nuestra galer\u00eda est\u00e1 llena de ideas para hacer de este momento a\u00fan m\u00e1s especial. \u00bfQuieres un pastel con un tierno angelito, una cruz delicada o un dise\u00f1o personalizado? \u00a1Cont\u00e1ctanos hoy mismo y haremos realidad tu sue\u00f1o!<\/em><\/h4>\t\t\t\t\t\t\t\t<\/div>\n\t\t\t\t<\/div>\n\t\t\t\t\t<\/div>\n\t\t<\/div>\n\t\t\t\t<div class=\"elementor-column elementor-col-50 elementor-top-column elementor-element elementor-element-53e6b86\" data-id=\"53e6b86\" data-element_type=\"column\" data-e-type=\"column\">\n\t\t\t<div class=\"elementor-widget-wrap elementor-element-populated\">\n\t\t\t\t\t\t<div class=\"elementor-element elementor-element-c8824a1 elementor-widget elementor-widget-gallery\" data-id=\"c8824a1\" data-element_type=\"widget\" data-e-type=\"widget\" data-settings=\"{&quot;columns&quot;:3,&quot;gap&quot;:{&quot;unit&quot;:&quot;px&quot;,&quot;size&quot;:5,&quot;sizes&quot;:[]},&quot;aspect_ratio&quot;:&quot;1:1&quot;,&quot;image_hover_animation&quot;:&quot;grow&quot;,&quot;lazyload&quot;:&quot;yes&quot;,&quot;gallery_layout&quot;:&quot;grid&quot;,&quot;columns_tablet&quot;:2,&quot;columns_mobile&quot;:1,&quot;gap_tablet&quot;:{&quot;unit&quot;:&quot;px&quot;,&quot;size&quot;:10,&quot;sizes&quot;:[]},&quot;gap_mobile&quot;:{&quot;unit&quot;:&quot;px&quot;,&quot;size&quot;:10,&quot;sizes&quot;:[]},&quot;link_to&quot;:&quot;file&quot;,&quot;overlay_background&quot;:&quot;yes&quot;,&quot;content_hover_animation&quot;:&quot;fade-in&quot;}\" data-widget_type=\"gallery.default\">\n\t\t\t\t<div class=\"elementor-widget-container\">\n\t\t\t\t\t\t\t<div class=\"elementor-gallery__container\">\n\t\t\t\t\t\t\t<a class=\"e-gallery-item elementor-gallery-item elementor-animated-content\" href=\"https:\/\/casitadechocolate.ec\/wp-content\/uploads\/2023\/06\/emmanuel_001.png\" data-elementor-open-lightbox=\"yes\" data-elementor-lightbox-slideshow=\"c8824a1\" data-elementor-lightbox-title=\"emmanuel_001\" data-e-action-hash=\"#elementor-action%3Aaction%3Dlightbox%26settings%3DeyJpZCI6MzU0NywidXJsIjoiaHR0cHM6XC9cL2Nhc2l0YWRlY2hvY29sYXRlLmVjXC93cC1jb250ZW50XC91cGxvYWRzXC8yMDIzXC8wNlwvZW1tYW51ZWxfMDAxLnBuZyIsInNsaWRlc2hvdyI6ImM4ODI0YTEifQ%3D%3D\">\n\t\t\t\t\t<div class=\"e-gallery-image elementor-gallery-item__image\" data-thumbnail=\"https:\/\/casitadechocolate.ec\/wp-content\/uploads\/2023\/06\/emmanuel_001.png\" data-width=\"987\" data-height=\"1022\" aria-label=\"\" role=\"img\" ><\/div>\n\t\t\t\t\t\t\t\t\t\t\t<div class=\"elementor-gallery-item__overlay\"><\/div>\n\t\t\t\t\t\t\t\t\t\t\t\t\t\t<\/a>\n\t\t\t\t\t\t\t<a class=\"e-gallery-item elementor-gallery-item elementor-animated-content\" href=\"https:\/\/casitadechocolate.ec\/wp-content\/uploads\/2023\/06\/Grado_0003.png\" data-elementor-open-lightbox=\"yes\" data-elementor-lightbox-slideshow=\"c8824a1\" data-elementor-lightbox-title=\"Grado_0003\" data-e-action-hash=\"#elementor-action%3Aaction%3Dlightbox%26settings%3DeyJpZCI6Mzg0MiwidXJsIjoiaHR0cHM6XC9cL2Nhc2l0YWRlY2hvY29sYXRlLmVjXC93cC1jb250ZW50XC91cGxvYWRzXC8yMDIzXC8wNlwvR3JhZG9fMDAwMy5wbmciLCJzbGlkZXNob3ciOiJjODgyNGExIn0%3D\">\n\t\t\t\t\t<div class=\"e-gallery-image elementor-gallery-item__image\" data-thumbnail=\"https:\/\/casitadechocolate.ec\/wp-content\/uploads\/2023\/06\/Grado_0003.png\" data-width=\"987\" data-height=\"1022\" aria-label=\"\" role=\"img\" ><\/div>\n\t\t\t\t\t\t\t\t\t\t\t<div class=\"elementor-gallery-item__overlay\"><\/div>\n\t\t\t\t\t\t\t\t\t\t\t\t\t\t<\/a>\n\t\t\t\t\t\t\t<a class=\"e-gallery-item elementor-gallery-item elementor-animated-content\" href=\"https:\/\/casitadechocolate.ec\/wp-content\/uploads\/2023\/07\/Bautizo-M.png\" data-elementor-open-lightbox=\"yes\" data-elementor-lightbox-slideshow=\"c8824a1\" data-elementor-lightbox-title=\"Bautizo M\" data-e-action-hash=\"#elementor-action%3Aaction%3Dlightbox%26settings%3DeyJpZCI6NDAzNSwidXJsIjoiaHR0cHM6XC9cL2Nhc2l0YWRlY2hvY29sYXRlLmVjXC93cC1jb250ZW50XC91cGxvYWRzXC8yMDIzXC8wN1wvQmF1dGl6by1NLnBuZyIsInNsaWRlc2hvdyI6ImM4ODI0YTEifQ%3D%3D\">\n\t\t\t\t\t<div class=\"e-gallery-image elementor-gallery-item__image\" data-thumbnail=\"https:\/\/casitadechocolate.ec\/wp-content\/uploads\/2023\/07\/Bautizo-M.png\" data-width=\"987\" data-height=\"1022\" aria-label=\"\" role=\"img\" ><\/div>\n\t\t\t\t\t\t\t\t\t\t\t<div class=\"elementor-gallery-item__overlay\"><\/div>\n\t\t\t\t\t\t\t\t\t\t\t\t\t\t<\/a>\n\t\t\t\t\t\t\t<a class=\"e-gallery-item elementor-gallery-item elementor-animated-content\" href=\"https:\/\/casitadechocolate.ec\/wp-content\/uploads\/2023\/07\/Sofia.png\" data-elementor-open-lightbox=\"yes\" data-elementor-lightbox-slideshow=\"c8824a1\" data-elementor-lightbox-title=\"Sofia\" data-e-action-hash=\"#elementor-action%3Aaction%3Dlightbox%26settings%3DeyJpZCI6NDAzNiwidXJsIjoiaHR0cHM6XC9cL2Nhc2l0YWRlY2hvY29sYXRlLmVjXC93cC1jb250ZW50XC91cGxvYWRzXC8yMDIzXC8wN1wvU29maWEucG5nIiwic2xpZGVzaG93IjoiYzg4MjRhMSJ9\">\n\t\t\t\t\t<div class=\"e-gallery-image elementor-gallery-item__image\" data-thumbnail=\"https:\/\/casitadechocolate.ec\/wp-content\/uploads\/2023\/07\/Sofia.png\" data-width=\"987\" data-height=\"1022\" aria-label=\"\" role=\"img\" ><\/div>\n\t\t\t\t\t\t\t\t\t\t\t<div class=\"elementor-gallery-item__overlay\"><\/div>\n\t\t\t\t\t\t\t\t\t\t\t\t\t\t<\/a>\n\t\t\t\t\t\t\t<a class=\"e-gallery-item elementor-gallery-item elementor-animated-content\" href=\"https:\/\/casitadechocolate.ec\/wp-content\/uploads\/2023\/07\/marinerito.png\" data-elementor-open-lightbox=\"yes\" data-elementor-lightbox-slideshow=\"c8824a1\" data-elementor-lightbox-title=\"marinerito\" data-e-action-hash=\"#elementor-action%3Aaction%3Dlightbox%26settings%3DeyJpZCI6NDA2NiwidXJsIjoiaHR0cHM6XC9cL2Nhc2l0YWRlY2hvY29sYXRlLmVjXC93cC1jb250ZW50XC91cGxvYWRzXC8yMDIzXC8wN1wvbWFyaW5lcml0by5wbmciLCJzbGlkZXNob3ciOiJjODgyNGExIn0%3D\">\n\t\t\t\t\t<div class=\"e-gallery-image elementor-gallery-item__image\" data-thumbnail=\"https:\/\/casitadechocolate.ec\/wp-content\/uploads\/2023\/07\/marinerito.png\" data-width=\"987\" data-height=\"1022\" aria-label=\"\" role=\"img\" ><\/div>\n\t\t\t\t\t\t\t\t\t\t\t<div class=\"elementor-gallery-item__overlay\"><\/div>\n\t\t\t\t\t\t\t\t\t\t\t\t\t\t<\/a>\n\t\t\t\t\t\t\t<a class=\"e-gallery-item elementor-gallery-item elementor-animated-content\" href=\"https:\/\/casitadechocolate.ec\/wp-content\/uploads\/2024\/04\/BAUTIZO.png\" data-elementor-open-lightbox=\"yes\" data-elementor-lightbox-slideshow=\"c8824a1\" data-elementor-lightbox-title=\"BAUTIZO\" data-e-action-hash=\"#elementor-action%3Aaction%3Dlightbox%26settings%3DeyJpZCI6NDIwOCwidXJsIjoiaHR0cHM6XC9cL2Nhc2l0YWRlY2hvY29sYXRlLmVjXC93cC1jb250ZW50XC91cGxvYWRzXC8yMDI0XC8wNFwvQkFVVElaTy5wbmciLCJzbGlkZXNob3ciOiJjODgyNGExIn0%3D\">\n\t\t\t\t\t<div class=\"e-gallery-image elementor-gallery-item__image\" data-thumbnail=\"https:\/\/casitadechocolate.ec\/wp-content\/uploads\/2024\/04\/BAUTIZO.png\" data-width=\"987\" data-height=\"1022\" aria-label=\"\" role=\"img\" ><\/div>\n\t\t\t\t\t\t\t\t\t\t\t<div class=\"elementor-gallery-item__overlay\"><\/div>\n\t\t\t\t\t\t\t\t\t\t\t\t\t\t<\/a>\n\t\t\t\t\t\t\t<a class=\"e-gallery-item elementor-gallery-item elementor-animated-content\" href=\"https:\/\/casitadechocolate.ec\/wp-content\/uploads\/2024\/07\/IMAGENES-PAGINA-WEB-55.png\" data-elementor-open-lightbox=\"yes\" data-elementor-lightbox-slideshow=\"c8824a1\" data-elementor-lightbox-title=\"IMAGENES PAGINA WEB-55\" data-e-action-hash=\"#elementor-action%3Aaction%3Dlightbox%26settings%3DeyJpZCI6NDM5MSwidXJsIjoiaHR0cHM6XC9cL2Nhc2l0YWRlY2hvY29sYXRlLmVjXC93cC1jb250ZW50XC91cGxvYWRzXC8yMDI0XC8wN1wvSU1BR0VORVMtUEFHSU5BLVdFQi01NS5wbmciLCJzbGlkZXNob3ciOiJjODgyNGExIn0%3D\">\n\t\t\t\t\t<div class=\"e-gallery-image elementor-gallery-item__image\" data-thumbnail=\"https:\/\/casitadechocolate.ec\/wp-content\/uploads\/2024\/07\/IMAGENES-PAGINA-WEB-55.png\" data-width=\"987\" data-height=\"1022\" aria-label=\"\" role=\"img\" ><\/div>\n\t\t\t\t\t\t\t\t\t\t\t<div class=\"elementor-gallery-item__overlay\"><\/div>\n\t\t\t\t\t\t\t\t\t\t\t\t\t\t<\/a>\n\t\t\t\t\t\t\t<a class=\"e-gallery-item elementor-gallery-item elementor-animated-content\" href=\"https:\/\/casitadechocolate.ec\/wp-content\/uploads\/2024\/07\/IMAGENES-PAGINA-WEB-71.png\" data-elementor-open-lightbox=\"yes\" data-elementor-lightbox-slideshow=\"c8824a1\" data-elementor-lightbox-title=\"IMAGENES PAGINA WEB-71\" data-e-action-hash=\"#elementor-action%3Aaction%3Dlightbox%26settings%3DeyJpZCI6NDQwNywidXJsIjoiaHR0cHM6XC9cL2Nhc2l0YWRlY2hvY29sYXRlLmVjXC93cC1jb250ZW50XC91cGxvYWRzXC8yMDI0XC8wN1wvSU1BR0VORVMtUEFHSU5BLVdFQi03MS5wbmciLCJzbGlkZXNob3ciOiJjODgyNGExIn0%3D\">\n\t\t\t\t\t<div class=\"e-gallery-image elementor-gallery-item__image\" data-thumbnail=\"https:\/\/casitadechocolate.ec\/wp-content\/uploads\/2024\/07\/IMAGENES-PAGINA-WEB-71.png\" data-width=\"987\" data-height=\"1022\" aria-label=\"\" role=\"img\" ><\/div>\n\t\t\t\t\t\t\t\t\t\t\t<div class=\"elementor-gallery-item__overlay\"><\/div>\n\t\t\t\t\t\t\t\t\t\t\t\t\t\t<\/a>\n\t\t\t\t\t\t\t<a class=\"e-gallery-item elementor-gallery-item elementor-animated-content\" href=\"https:\/\/casitadechocolate.ec\/wp-content\/uploads\/2024\/07\/IMAGENES-PAGINA-WEB-77.png\" data-elementor-open-lightbox=\"yes\" data-elementor-lightbox-slideshow=\"c8824a1\" data-elementor-lightbox-title=\"PASTRL MACARONS\" data-e-action-hash=\"#elementor-action%3Aaction%3Dlightbox%26settings%3DeyJpZCI6NDQxMywidXJsIjoiaHR0cHM6XC9cL2Nhc2l0YWRlY2hvY29sYXRlLmVjXC93cC1jb250ZW50XC91cGxvYWRzXC8yMDI0XC8wN1wvSU1BR0VORVMtUEFHSU5BLVdFQi03Ny5wbmciLCJzbGlkZXNob3ciOiJjODgyNGExIn0%3D\">\n\t\t\t\t\t<div class=\"e-gallery-image elementor-gallery-item__image\" data-thumbnail=\"https:\/\/casitadechocolate.ec\/wp-content\/uploads\/2024\/07\/IMAGENES-PAGINA-WEB-77.png\" data-width=\"987\" data-height=\"1022\" aria-label=\"\" role=\"img\" ><\/div>\n\t\t\t\t\t\t\t\t\t\t\t<div class=\"elementor-gallery-item__overlay\"><\/div>\n\t\t\t\t\t\t\t\t\t\t\t\t\t\t<\/a>\n\t\t\t\t\t\t\t<a class=\"e-gallery-item elementor-gallery-item elementor-animated-content\" href=\"https:\/\/casitadechocolate.ec\/wp-content\/uploads\/2024\/08\/MATRIMONIO-20.png\" data-elementor-open-lightbox=\"yes\" data-elementor-lightbox-slideshow=\"c8824a1\" data-elementor-lightbox-title=\"MATRIMONIO-20\" data-e-action-hash=\"#elementor-action%3Aaction%3Dlightbox%26settings%3DeyJpZCI6NDU4MywidXJsIjoiaHR0cHM6XC9cL2Nhc2l0YWRlY2hvY29sYXRlLmVjXC93cC1jb250ZW50XC91cGxvYWRzXC8yMDI0XC8wOFwvTUFUUklNT05JTy0yMC5wbmciLCJzbGlkZXNob3ciOiJjODgyNGExIn0%3D\">\n\t\t\t\t\t<div class=\"e-gallery-image elementor-gallery-item__image\" data-thumbnail=\"https:\/\/casitadechocolate.ec\/wp-content\/uploads\/2024\/08\/MATRIMONIO-20.png\" data-width=\"987\" data-height=\"1022\" aria-label=\"PASTEL MATRIMONIO HOJAS\" role=\"img\" ><\/div>\n\t\t\t\t\t\t\t\t\t\t\t<div class=\"elementor-gallery-item__overlay\"><\/div>\n\t\t\t\t\t\t\t\t\t\t\t\t\t\t<\/a>\n\t\t\t\t\t\t\t<a class=\"e-gallery-item elementor-gallery-item elementor-animated-content\" href=\"https:\/\/casitadechocolate.ec\/wp-content\/uploads\/2024\/08\/MATRIMONIO-26.png\" data-elementor-open-lightbox=\"yes\" data-elementor-lightbox-slideshow=\"c8824a1\" data-elementor-lightbox-title=\"MATRIMONIO-26\" data-e-action-hash=\"#elementor-action%3Aaction%3Dlightbox%26settings%3DeyJpZCI6NDU4OSwidXJsIjoiaHR0cHM6XC9cL2Nhc2l0YWRlY2hvY29sYXRlLmVjXC93cC1jb250ZW50XC91cGxvYWRzXC8yMDI0XC8wOFwvTUFUUklNT05JTy0yNi5wbmciLCJzbGlkZXNob3ciOiJjODgyNGExIn0%3D\">\n\t\t\t\t\t<div class=\"e-gallery-image elementor-gallery-item__image\" data-thumbnail=\"https:\/\/casitadechocolate.ec\/wp-content\/uploads\/2024\/08\/MATRIMONIO-26.png\" data-width=\"987\" data-height=\"1022\" aria-label=\"PASTEL MATRIMONIO CELESTE\" role=\"img\" ><\/div>\n\t\t\t\t\t\t\t\t\t\t\t<div class=\"elementor-gallery-item__overlay\"><\/div>\n\t\t\t\t\t\t\t\t\t\t\t\t\t\t<\/a>\n\t\t\t\t\t<\/div>\n\t\t\t\t\t<\/div>\n\t\t\t\t<\/div>\n\t\t\t\t\t<\/div>\n\t\t<\/div>\n\t\t\t\t\t<\/div>\n\t\t<\/section>\n\t\t\t\t<\/div>\n\t\t","protected":false},"excerpt":{"rendered":"<p>\u00a1Celebra el bautismo de tu beb\u00e9 con un pastel inolvidable! Nuestra galer\u00eda est\u00e1 llena de ideas para hacer de este momento a\u00fan m\u00e1s especial. \u00bfQuieres un pastel con un tierno angelito, una cruz delicada o un dise\u00f1o personalizado? \u00a1Cont\u00e1ctanos hoy mismo y haremos realidad tu sue\u00f1o!<\/p>\n","protected":false},"author":8,"featured_media":0,"parent":0,"menu_order":0,"comment_status":"closed","ping_status":"closed","template":"","meta":{"site-sidebar-layout":"no-sidebar","site-content-layout":"page-builder","ast-site-content-layout":"full-width-container","site-content-style":"default","site-sidebar-style":"default","ast-global-header-display":"","ast-banner-title-visibility":"","ast-main-header-display":"","ast-hfb-above-header-display":"","ast-hfb-below-header-display":"","ast-hfb-mobile-header-display":"","site-post-title":"disabled","ast-breadcrumbs-content":"","ast-featured-img":"disabled","footer-sml-layout":"","theme-transparent-header-meta":"","adv-header-id-meta":"","stick-header-meta":"","header-above-stick-meta":"","header-main-stick-meta":"","header-below-stick-meta":"","astra-migrate-meta-layouts":"default","ast-page-background-enabled":"default","ast-page-background-meta":{"desktop":{"background-color":"var(--ast-global-color-4)","background-image":"","background-repeat":"repeat","background-position":"center center","background-size":"auto","background-attachment":"scroll","background-type":"","background-media":"","overlay-type":"","overlay-color":"","overlay-opacity":"","overlay-gradient":""},"tablet":{"background-color":"","background-image":"","background-repeat":"repeat","background-position":"center center","background-size":"auto","background-attachment":"scroll","background-type":"","background-media":"","overlay-type":"","overlay-color":"","overlay-opacity":"","overlay-gradient":""},"mobile":{"background-color":"","background-image":"","background-repeat":"repeat","background-position":"center center","background-size":"auto","background-attachment":"scroll","background-type":"","background-media":"","overlay-type":"","overlay-color":"","overlay-opacity":"","overlay-gradient":""}},"ast-content-background-meta":{"desktop":{"background-color":"var(--ast-global-color-5)","background-image":"","background-repeat":"repeat","background-position":"center center","background-size":"auto","background-attachment":"scroll","background-type":"","background-media":"","overlay-type":"","overlay-color":"","overlay-opacity":"","overlay-gradient":""},"tablet":{"background-color":"var(--ast-global-color-5)","background-image":"","background-repeat":"repeat","background-position":"center center","background-size":"auto","background-attachment":"scroll","background-type":"","background-media":"","overlay-type":"","overlay-color":"","overlay-opacity":"","overlay-gradient":""},"mobile":{"background-color":"var(--ast-global-color-5)","background-image":"","background-repeat":"repeat","background-position":"center center","background-size":"auto","background-attachment":"scroll","background-type":"","background-media":"","overlay-type":"","overlay-color":"","overlay-opacity":"","overlay-gradient":""}},"_joinchat":[],"footnotes":""},"class_list":["post-4615","page","type-page","status-publish","hentry"],"_links":{"self":[{"href":"https:\/\/casitadechocolate.ec\/index.php\/wp-json\/wp\/v2\/pages\/4615","targetHints":{"allow":["GET"]}}],"collection":[{"href":"https:\/\/casitadechocolate.ec\/index.php\/wp-json\/wp\/v2\/pages"}],"about":[{"href":"https:\/\/casitadechocolate.ec\/index.php\/wp-json\/wp\/v2\/types\/page"}],"author":[{"embeddable":true,"href":"https:\/\/casitadechocolate.ec\/index.php\/wp-json\/wp\/v2\/users\/8"}],"replies":[{"embeddable":true,"href":"https:\/\/casitadechocolate.ec\/index.php\/wp-json\/wp\/v2\/comments?post=4615"}],"version-history":[{"count":4,"href":"https:\/\/casitadechocolate.ec\/index.php\/wp-json\/wp\/v2\/pages\/4615\/revisions"}],"predecessor-version":[{"id":4706,"href":"https:\/\/casitadechocolate.ec\/index.php\/wp-json\/wp\/v2\/pages\/4615\/revisions\/4706"}],"wp:attachment":[{"href":"https:\/\/casitadechocolate.ec\/index.php\/wp-json\/wp\/v2\/media?parent=4615"}],"curies":[{"name":"wp","href":"https:\/\/api.w.org\/{rel}","templated":true}]}}